{"id":2384,"date":"2020-09-16T16:30:54","date_gmt":"2020-09-16T22:30:54","guid":{"rendered":"http:\/\/grupounocr.com\/o2-wellness-center\/"},"modified":"2026-01-22T14:20:44","modified_gmt":"2026-01-22T20:20:44","slug":"o2-wellness-center","status":"publish","type":"page","link":"https:\/\/grupounocr.com\/en\/o2-wellness-center\/","title":{"rendered":"O2 Wellness Center"},"content":{"rendered":"\t\t<div data-elementor-type=\"wp-page\" data-elementor-id=\"2384\" class=\"elementor elementor-2384\" data-elementor-post-type=\"page\">\n\t\t\t\t\t\t<section data-particle_enable=\"false\" data-particle-mobile-disabled=\"false\" class=\"elementor-section elementor-top-section elementor-element elementor-element-5556e68 elementor-section-stretched elementor-section-boxed elementor-section-height-default elementor-section-height-default\" data-id=\"5556e68\" data-element_type=\"section\" data-settings=\"{&quot;stretch_section&quot;:&quot;section-stretched&quot;}\">\n\t\t\t\t\t\t<div class=\"elementor-container elementor-column-gap-default\">\n\t\t\t\t\t<div class=\"elementor-column elementor-col-100 elementor-top-column elementor-element elementor-element-7175331\" data-id=\"7175331\" data-element_type=\"column\">\n\t\t\t<div class=\"elementor-widget-wrap elementor-element-populated\">\n\t\t\t\t\t\t<section data-particle_enable=\"false\" data-particle-mobile-disabled=\"false\" class=\"elementor-section elementor-inner-section elementor-element elementor-element-20dc875 elementor-hidden-tablet elementor-hidden-phone elementor-section-boxed elementor-section-height-default elementor-section-height-default\" data-id=\"20dc875\" data-element_type=\"section\">\n\t\t\t\t\t\t<div class=\"elementor-container elementor-column-gap-default\">\n\t\t\t\t\t<div class=\"elementor-column elementor-col-100 elementor-inner-column elementor-element elementor-element-8d3c126\" data-id=\"8d3c126\" data-element_type=\"column\">\n\t\t\t<div class=\"elementor-widget-wrap elementor-element-populated\">\n\t\t\t\t\t\t<div class=\"elementor-element elementor-element-5520c78 eael-dual-header-content-align-center elementor-widget elementor-widget-eael-dual-color-header\" data-id=\"5520c78\" data-element_type=\"widget\" data-widget_type=\"eael-dual-color-header.default\">\n\t\t\t\t<div class=\"elementor-widget-container\">\n\t\t\t\t\t\t\t\t<div class=\"eael-dual-header\">\n\t\t\t\t<h2 class=\"title eael-dch-title\"><span class=\"eael-dch-title-text eael-dch-title-lead lead solid-color\">O2 Wellness<\/span> <span class=\"eael-dch-title-text\">Center.<\/span><\/h2>\t\t\t\t\t<span class=\"subtext\"><p style=\"text-align: center;\">We are the only Wellness Center where you can experience many different disciplines in one place.<br \/>A shopping center specializing in sports where you will feel a healthy balance between<br \/>the mental, physical, and emotional levels, resulting in a state of general well-being.<\/p><\/span>\n\t\t\t\t\t\t\t\t\t<span class=\"eael-dch-svg-icon\"><i aria-hidden=\"true\" class=\"far fa-star\"><\/i><\/span>\t\t\t\t\t\t\t<\/div>\n\n\t\t\t\t\t\t<\/div>\n\t\t\t\t<\/div>\n\t\t\t\t\t<\/div>\n\t\t<\/div>\n\t\t\t\t\t<\/div>\n\t\t<\/section>\n\t\t\t\t<section data-particle_enable=\"false\" data-particle-mobile-disabled=\"false\" class=\"elementor-section elementor-inner-section elementor-element elementor-element-2efc88b elementor-hidden-desktop elementor-section-boxed elementor-section-height-default elementor-section-height-default\" data-id=\"2efc88b\" data-element_type=\"section\">\n\t\t\t\t\t\t<div class=\"elementor-container elementor-column-gap-default\">\n\t\t\t\t\t<div class=\"elementor-column elementor-col-100 elementor-inner-column elementor-element elementor-element-68ec883\" data-id=\"68ec883\" data-element_type=\"column\">\n\t\t\t<div class=\"elementor-widget-wrap elementor-element-populated\">\n\t\t\t\t\t\t<div class=\"elementor-element elementor-element-99b623e eael-dual-header-content-align-center elementor-widget elementor-widget-eael-dual-color-header\" data-id=\"99b623e\" data-element_type=\"widget\" data-widget_type=\"eael-dual-color-header.default\">\n\t\t\t\t<div class=\"elementor-widget-container\">\n\t\t\t\t\t\t\t\t<div class=\"eael-dual-header\">\n\t\t\t\t<h2 class=\"title eael-dch-title\"><span class=\"eael-dch-title-text eael-dch-title-lead lead solid-color\">O2 Wellness<\/span> <span class=\"eael-dch-title-text\">Center.<\/span><\/h2>\t\t\t\t\t<span class=\"subtext\"><p style=\"text-align: center;\"><span class=\"oi732d6d ik7dh3pa d2edcug0 hpfvmrgz qv66sw1b c1et5uql a8c37x1j keod5gw0 nxhoafnm aigsh9s9 d9wwppkn fe6kdd0r mau55g9w c8b282yb hrzyx87i jq4qci2q a3bd9o3v knj5qynh oo9gr5id hzawbc8m\" dir=\"auto\"><span class=\"oi732d6d ik7dh3pa d2edcug0 hpfvmrgz qv66sw1b c1et5uql jq4qci2q a3bd9o3v knj5qynh oo9gr5id hzawbc8m\">Somos el \u00fanico Wellness Center donde podr\u00e1s vivir la pr\u00e1ctica de muchas disciplinas en un mismo lugar. <br \/>Un centro comercial especializado en deporte donde sentir\u00e1s un equilibrio saludable entre <br \/>los niveles mental, f\u00edsico y emocional, obteniendo como resultado un estado de bienestar general.<\/span><\/span><\/p><\/span>\n\t\t\t\t\t\t\t\t\t<span class=\"eael-dch-svg-icon\"><i aria-hidden=\"true\" class=\"far fa-star\"><\/i><\/span>\t\t\t\t\t\t\t<\/div>\n\n\t\t\t\t\t\t<\/div>\n\t\t\t\t<\/div>\n\t\t\t\t\t<\/div>\n\t\t<\/div>\n\t\t\t\t\t<\/div>\n\t\t<\/section>\n\t\t\t\t<section data-particle_enable=\"false\" data-particle-mobile-disabled=\"false\" class=\"elementor-section elementor-inner-section elementor-element elementor-element-9d703c7 elementor-section-boxed elementor-section-height-default elementor-section-height-default\" data-id=\"9d703c7\" data-element_type=\"section\">\n\t\t\t\t\t\t<div class=\"elementor-container elementor-column-gap-default\">\n\t\t\t\t\t<div class=\"elementor-column elementor-col-100 elementor-inner-column elementor-element elementor-element-d55c80b\" data-id=\"d55c80b\" data-element_type=\"column\">\n\t\t\t<div class=\"elementor-widget-wrap elementor-element-populated\">\n\t\t\t\t\t\t<div class=\"elementor-element elementor-element-34e7b2f elementor-widget elementor-widget-heading\" data-id=\"34e7b2f\" data-element_type=\"widget\" data-widget_type=\"heading.default\">\n\t\t\t\t<div class=\"elementor-widget-container\">\n\t\t\t\t\t<h2 class=\"elementor-heading-title elementor-size-default\">Pinares<\/h2>\t\t\t\t<\/div>\n\t\t\t\t<\/div>\n\t\t\t\t<div class=\"elementor-element elementor-element-820230c elementor-widget elementor-widget-text-editor\" data-id=\"820230c\" data-element_type=\"widget\" data-widget_type=\"text-editor.default\">\n\t\t\t\t<div class=\"elementor-widget-container\">\n\t\t\t\t\t\t\t\t\t<p style=\"text-align: center;\">Calle Vieja a Tres R\u00edos.<br \/>Frente a Parque de Food Trucks.<\/p>\t\t\t\t\t\t\t\t<\/div>\n\t\t\t\t<\/div>\n\t\t\t\t<div class=\"elementor-element elementor-element-b8c75c1 elementor-widget elementor-widget-image\" data-id=\"b8c75c1\" data-element_type=\"widget\" data-widget_type=\"image.default\">\n\t\t\t\t<div class=\"elementor-widget-container\">\n\t\t\t\t\t\t\t\t\t\t\t\t\t\t\t\t<a href=\"http:\/\/grupounocr.com\/wp-content\/uploads\/2024\/08\/O2-WC-Pinares.jpeg\" data-elementor-open-lightbox=\"yes\" data-elementor-lightbox-title=\"O2 WC Pinares\" data-e-action-hash=\"#elementor-action%3Aaction%3Dlightbox%26settings%3DeyJpZCI6MzE1OCwidXJsIjoiaHR0cHM6XC9cL2dydXBvdW5vY3IuY29tXC93cC1jb250ZW50XC91cGxvYWRzXC8yMDI0XC8wOFwvTzItV0MtUGluYXJlcy5qcGVnIn0%3D\">\n\t\t\t\t\t\t\t<img fetchpriority=\"high\" decoding=\"async\" width=\"1280\" height=\"960\" src=\"https:\/\/grupounocr.com\/wp-content\/uploads\/2024\/08\/O2-WC-Pinares.jpeg\" class=\"attachment-full size-full wp-image-3158\" alt=\"\" srcset=\"https:\/\/grupounocr.com\/wp-content\/uploads\/2024\/08\/O2-WC-Pinares.jpeg 1280w, https:\/\/grupounocr.com\/wp-content\/uploads\/2024\/08\/O2-WC-Pinares-300x225.jpeg 300w, https:\/\/grupounocr.com\/wp-content\/uploads\/2024\/08\/O2-WC-Pinares-1024x768.jpeg 1024w, https:\/\/grupounocr.com\/wp-content\/uploads\/2024\/08\/O2-WC-Pinares-768x576.jpeg 768w, https:\/\/grupounocr.com\/wp-content\/uploads\/2024\/08\/O2-WC-Pinares-560x420.jpeg 560w, https:\/\/grupounocr.com\/wp-content\/uploads\/2024\/08\/O2-WC-Pinares-900x675.jpeg 900w\" sizes=\"(max-width: 1280px) 100vw, 1280px\" \/>\t\t\t\t\t\t\t\t<\/a>\n\t\t\t\t\t\t\t\t\t\t\t\t\t\t\t<\/div>\n\t\t\t\t<\/div>\n\t\t\t\t\t<\/div>\n\t\t<\/div>\n\t\t\t\t\t<\/div>\n\t\t<\/section>\n\t\t\t\t<section data-particle_enable=\"false\" data-particle-mobile-disabled=\"false\" class=\"elementor-section elementor-inner-section elementor-element elementor-element-29e6473 elementor-section-boxed elementor-section-height-default elementor-section-height-default\" data-id=\"29e6473\" data-element_type=\"section\">\n\t\t\t\t\t\t<div class=\"elementor-container elementor-column-gap-default\">\n\t\t\t\t\t<div class=\"elementor-column elementor-col-100 elementor-inner-column elementor-element elementor-element-1368be1\" data-id=\"1368be1\" data-element_type=\"column\">\n\t\t\t<div class=\"elementor-widget-wrap elementor-element-populated\">\n\t\t\t\t\t\t<div class=\"elementor-element elementor-element-89b8a68 elementor-widget elementor-widget-heading\" data-id=\"89b8a68\" data-element_type=\"widget\" data-widget_type=\"heading.default\">\n\t\t\t\t<div class=\"elementor-widget-container\">\n\t\t\t\t\t<h2 class=\"elementor-heading-title elementor-size-default\">Escaz\u00fa<\/h2>\t\t\t\t<\/div>\n\t\t\t\t<\/div>\n\t\t\t\t<div class=\"elementor-element elementor-element-2f38e36 elementor-widget elementor-widget-text-editor\" data-id=\"2f38e36\" data-element_type=\"widget\" data-widget_type=\"text-editor.default\">\n\t\t\t\t<div class=\"elementor-widget-container\">\n\t\t\t\t\t\t\t\t\t<p style=\"text-align: center;\">San Rafael de Escaz\u00fa<br \/>De la Paco 200mts Oeste.<\/p>\t\t\t\t\t\t\t\t<\/div>\n\t\t\t\t<\/div>\n\t\t\t\t<div class=\"elementor-element elementor-element-1f06a77 elementor-widget elementor-widget-image\" data-id=\"1f06a77\" data-element_type=\"widget\" data-widget_type=\"image.default\">\n\t\t\t\t<div class=\"elementor-widget-container\">\n\t\t\t\t\t\t\t\t\t\t\t\t\t\t\t\t<a href=\"http:\/\/grupounocr.com\/wp-content\/uploads\/2024\/08\/O2-WC-Escazu\u0301.jpeg\" data-elementor-open-lightbox=\"yes\" data-elementor-lightbox-title=\"O2 WC Escazu\u0301\" data-e-action-hash=\"#elementor-action%3Aaction%3Dlightbox%26settings%3DeyJpZCI6MzE2MCwidXJsIjoiaHR0cHM6XC9cL2dydXBvdW5vY3IuY29tXC93cC1jb250ZW50XC91cGxvYWRzXC8yMDI0XC8wOFwvTzItV0MtRXNjYXp1XHUwMzAxLmpwZWcifQ%3D%3D\">\n\t\t\t\t\t\t\t<img decoding=\"async\" width=\"1170\" height=\"658\" src=\"https:\/\/grupounocr.com\/wp-content\/uploads\/2024\/08\/O2-WC-Escazu\u0301-1170x658.jpeg\" class=\"attachment-movedo-grve-large-rect-horizontal size-movedo-grve-large-rect-horizontal wp-image-3160\" alt=\"\" \/>\t\t\t\t\t\t\t\t<\/a>\n\t\t\t\t\t\t\t\t\t\t\t\t\t\t\t<\/div>\n\t\t\t\t<\/div>\n\t\t\t\t\t<\/div>\n\t\t<\/div>\n\t\t\t\t\t<\/div>\n\t\t<\/section>\n\t\t\t\t<section data-particle_enable=\"false\" data-particle-mobile-disabled=\"false\" class=\"elementor-section elementor-inner-section elementor-element elementor-element-871c34e elementor-section-boxed elementor-section-height-default elementor-section-height-default\" data-id=\"871c34e\" data-element_type=\"section\">\n\t\t\t\t\t\t<div class=\"elementor-container elementor-column-gap-default\">\n\t\t\t\t\t<div class=\"elementor-column elementor-col-100 elementor-inner-column elementor-element elementor-element-0a9416d\" data-id=\"0a9416d\" data-element_type=\"column\">\n\t\t\t<div class=\"elementor-widget-wrap elementor-element-populated\">\n\t\t\t\t\t\t<div class=\"elementor-element elementor-element-10fe815 elementor-widget elementor-widget-heading\" data-id=\"10fe815\" data-element_type=\"widget\" data-widget_type=\"heading.default\">\n\t\t\t\t<div class=\"elementor-widget-container\">\n\t\t\t\t\t<h2 class=\"elementor-heading-title elementor-size-default\">Tib\u00e1s (Coming Soon)<\/h2>\t\t\t\t<\/div>\n\t\t\t\t<\/div>\n\t\t\t\t<div class=\"elementor-element elementor-element-d25e8f9 elementor-widget elementor-widget-text-editor\" data-id=\"d25e8f9\" data-element_type=\"widget\" data-widget_type=\"text-editor.default\">\n\t\t\t\t<div class=\"elementor-widget-container\">\n\t\t\t\t\t\t\t\t\t<p style=\"text-align: center;\">Coming Soon, <br \/>January 2026<\/p>\t\t\t\t\t\t\t\t<\/div>\n\t\t\t\t<\/div>\n\t\t\t\t<div class=\"elementor-element elementor-element-59370d3 elementor-widget elementor-widget-image\" data-id=\"59370d3\" data-element_type=\"widget\" data-widget_type=\"image.default\">\n\t\t\t\t<div class=\"elementor-widget-container\">\n\t\t\t\t\t\t\t\t\t\t\t\t\t\t\t\t<a href=\"http:\/\/grupounocr.com\/wp-content\/uploads\/2024\/08\/O2-WC-Tiba\u0301s-PROXIMAMENTE.png\" data-elementor-open-lightbox=\"yes\" data-elementor-lightbox-title=\"O2 WC Tiba\u0301s PROXIMAMENTE\" data-e-action-hash=\"#elementor-action%3Aaction%3Dlightbox%26settings%3DeyJpZCI6MzE2NCwidXJsIjoiaHR0cHM6XC9cL2dydXBvdW5vY3IuY29tXC93cC1jb250ZW50XC91cGxvYWRzXC8yMDI0XC8wOFwvTzItV0MtVGliYVx1MDMwMXMtUFJPWElNQU1FTlRFLnBuZyJ9\">\n\t\t\t\t\t\t\t<img decoding=\"async\" width=\"1100\" height=\"616\" src=\"https:\/\/grupounocr.com\/wp-content\/uploads\/2024\/08\/O2-WC-Tiba\u0301s-PROXIMAMENTE.png\" class=\"attachment-movedo-grve-large-rect-horizontal size-movedo-grve-large-rect-horizontal wp-image-3164\" alt=\"\" srcset=\"https:\/\/grupounocr.com\/wp-content\/uploads\/2024\/08\/O2-WC-Tiba\u0301s-PROXIMAMENTE.png 1100w, https:\/\/grupounocr.com\/wp-content\/uploads\/2024\/08\/O2-WC-Tiba\u0301s-PROXIMAMENTE-300x168.png 300w, https:\/\/grupounocr.com\/wp-content\/uploads\/2024\/08\/O2-WC-Tiba\u0301s-PROXIMAMENTE-1024x573.png 1024w, https:\/\/grupounocr.com\/wp-content\/uploads\/2024\/08\/O2-WC-Tiba\u0301s-PROXIMAMENTE-768x430.png 768w\" sizes=\"(max-width: 1100px) 100vw, 1100px\" \/>\t\t\t\t\t\t\t\t<\/a>\n\t\t\t\t\t\t\t\t\t\t\t\t\t\t\t<\/div>\n\t\t\t\t<\/div>\n\t\t\t\t\t<\/div>\n\t\t<\/div>\n\t\t\t\t\t<\/div>\n\t\t<\/section>\n\t\t\t\t<div class=\"elementor-element elementor-element-f901f13 elementor-hidden-desktop elementor-hidden-tablet elementor-hidden-phone elementor-widget elementor-widget-eael-google-map\" data-id=\"f901f13\" data-element_type=\"widget\" data-widget_type=\"eael-google-map.default\">\n\t\t\t\t<div class=\"elementor-widget-container\">\n\t\t\t\t\t\n\t\t\t\t\n\t\t\t\n\t\t\t<div class=\"eael-google-map eael-google-map-marker\" id=\"eael-google-map-f901f13\" data-id=\"f901f13\" data-map-center-lat=\"\" data-map-center-lng=\"\" data-map_type=\"marker\" data-map_lat=\"28.948790\" data-map_lng=\"-81.298843\" data-map_basic_marker_icon_enable=\"no\" data-map_basic_marker_icon_width=\"32\" data-map_basic_marker_icon_height=\"32\" data-map_zoom=\"12\" data-map_markers=\"%5B%7B%22eael_google_map_marker_title%22%3A%22Escaz%5Cu00fa%22%2C%22_id%22%3A%22a6044c6%22%2C%22eael_google_map_marker_lat%22%3A%229.932561%22%2C%22eael_google_map_marker_lng%22%3A%22-84.152364%22%2C%22eael_google_map_marker_content%22%3A%22O2+Wellnes+Center+-+Escaz%5Cu00fa%22%2C%22eael_google_map_marker_icon%22%3A%7B%22url%22%3A%22%22%2C%22id%22%3A%22%22%2C%22size%22%3A%22%22%7D%2C%22eael_google_map_marker_icon_color%22%3A%22%23e23a47%22%2C%22eael_google_map_marker_icon_enable%22%3A%22no%22%2C%22eael_google_map_marker_icon_width%22%3A%2232%22%2C%22eael_google_map_marker_icon_height%22%3A%2232%22%7D%2C%7B%22eael_google_map_marker_lat%22%3A%229.910430%22%2C%22eael_google_map_marker_lng%22%3A%22-84.013000%22%2C%22eael_google_map_marker_title%22%3A%22Pinares%22%2C%22eael_google_map_marker_content%22%3A%22Pinares%22%2C%22eael_google_map_marker_icon%22%3A%7B%22url%22%3A%22%22%2C%22id%22%3A%22%22%2C%22size%22%3A%22%22%7D%2C%22_id%22%3A%22d32d73c%22%2C%22eael_google_map_marker_icon_color%22%3A%22%23e23a47%22%2C%22eael_google_map_marker_icon_enable%22%3A%22no%22%2C%22eael_google_map_marker_icon_width%22%3A%2232%22%2C%22eael_google_map_marker_icon_height%22%3A%2232%22%7D%5D\" data-map_static_width=\"610\" data-map_static_height=\"300\" data-map_polylines=\"null\" data-map_stroke_color=\"#e23a47\" data-map_stroke_opacity=\"0.8\" data-map_stroke_weight=\"4\" data-map_stroke_fill_color=\"#e23a47\" data-map_stroke_fill_opacity=\"0.4\" data-map_theme=\"%22%5B%7B%5C%22featureType%5C%22%3A%5C%22administrative%5C%22%2C%5C%22elementType%5C%22%3A%5C%22all%5C%22%2C%5C%22stylers%5C%22%3A%5B%7B%5C%22saturation%5C%22%3A%5C%22-100%5C%22%7D%5D%7D%2C%7B%5C%22featureType%5C%22%3A%5C%22administrative.province%5C%22%2C%5C%22elementType%5C%22%3A%5C%22all%5C%22%2C%5C%22stylers%5C%22%3A%5B%7B%5C%22visibility%5C%22%3A%5C%22off%5C%22%7D%5D%7D%2C%7B%5C%22featureType%5C%22%3A%5C%22landscape%5C%22%2C%5C%22elementType%5C%22%3A%5C%22all%5C%22%2C%5C%22stylers%5C%22%3A%5B%7B%5C%22saturation%5C%22%3A-100%7D%2C%7B%5C%22lightness%5C%22%3A65%7D%2C%7B%5C%22visibility%5C%22%3A%5C%22on%5C%22%7D%5D%7D%2C%7B%5C%22featureType%5C%22%3A%5C%22poi%5C%22%2C%5C%22elementType%5C%22%3A%5C%22all%5C%22%2C%5C%22stylers%5C%22%3A%5B%7B%5C%22saturation%5C%22%3A-100%7D%2C%7B%5C%22lightness%5C%22%3A%5C%2250%5C%22%7D%2C%7B%5C%22visibility%5C%22%3A%5C%22simplified%5C%22%7D%5D%7D%2C%7B%5C%22featureType%5C%22%3A%5C%22road%5C%22%2C%5C%22elementType%5C%22%3A%5C%22all%5C%22%2C%5C%22stylers%5C%22%3A%5B%7B%5C%22saturation%5C%22%3A%5C%22-100%5C%22%7D%5D%7D%2C%7B%5C%22featureType%5C%22%3A%5C%22road.highway%5C%22%2C%5C%22elementType%5C%22%3A%5C%22all%5C%22%2C%5C%22stylers%5C%22%3A%5B%7B%5C%22visibility%5C%22%3A%5C%22simplified%5C%22%7D%5D%7D%2C%7B%5C%22featureType%5C%22%3A%5C%22road.arterial%5C%22%2C%5C%22elementType%5C%22%3A%5C%22all%5C%22%2C%5C%22stylers%5C%22%3A%5B%7B%5C%22lightness%5C%22%3A%5C%2230%5C%22%7D%5D%7D%2C%7B%5C%22featureType%5C%22%3A%5C%22road.local%5C%22%2C%5C%22elementType%5C%22%3A%5C%22all%5C%22%2C%5C%22stylers%5C%22%3A%5B%7B%5C%22lightness%5C%22%3A%5C%2240%5C%22%7D%5D%7D%2C%7B%5C%22featureType%5C%22%3A%5C%22transit%5C%22%2C%5C%22elementType%5C%22%3A%5C%22all%5C%22%2C%5C%22stylers%5C%22%3A%5B%7B%5C%22saturation%5C%22%3A-100%7D%2C%7B%5C%22visibility%5C%22%3A%5C%22simplified%5C%22%7D%5D%7D%2C%7B%5C%22featureType%5C%22%3A%5C%22water%5C%22%2C%5C%22elementType%5C%22%3A%5C%22geometry%5C%22%2C%5C%22stylers%5C%22%3A%5B%7B%5C%22hue%5C%22%3A%5C%22%23ffff00%5C%22%7D%2C%7B%5C%22lightness%5C%22%3A-25%7D%2C%7B%5C%22saturation%5C%22%3A-97%7D%5D%7D%2C%7B%5C%22featureType%5C%22%3A%5C%22water%5C%22%2C%5C%22elementType%5C%22%3A%5C%22labels%5C%22%2C%5C%22stylers%5C%22%3A%5B%7B%5C%22lightness%5C%22%3A-25%7D%2C%7B%5C%22saturation%5C%22%3A-100%7D%5D%7D%5D%22\" data-map_streeview_control=\"true\" data-map_type_control=\"true\" data-map_zoom_control=\"true\" data-map_fullscreen_control=\"true\" data-map_scroll_zoom=\"true\"><\/div>\n\t\t\t\t<div class=\"google-map-notice\"><\/div>\n\t\t\t\t<\/div>\n\t\t\t\t<\/div>\n\t\t\t\t\t<\/div>\n\t\t<\/div>\n\t\t\t\t\t<\/div>\n\t\t<\/section>\n\t\t\t\t<section data-particle_enable=\"false\" data-particle-mobile-disabled=\"false\" class=\"elementor-section elementor-top-section elementor-element elementor-element-edb20c2 elementor-section-full_width elementor-section-stretched elementor-section-height-default elementor-section-height-default\" data-id=\"edb20c2\" data-element_type=\"section\" data-settings=\"{&quot;background_background&quot;:&quot;classic&quot;,&quot;stretch_section&quot;:&quot;section-stretched&quot;}\">\n\t\t\t\t\t\t<div class=\"elementor-container elementor-column-gap-default\">\n\t\t\t\t\t<div class=\"elementor-column elementor-col-100 elementor-top-column elementor-element elementor-element-9b02918\" data-id=\"9b02918\" data-element_type=\"column\">\n\t\t\t<div class=\"elementor-widget-wrap elementor-element-populated\">\n\t\t\t\t\t\t<div class=\"elementor-element elementor-element-a56457a elementor-widget elementor-widget-image\" data-id=\"a56457a\" data-element_type=\"widget\" data-widget_type=\"image.default\">\n\t\t\t\t<div class=\"elementor-widget-container\">\n\t\t\t\t\t\t\t\t\t\t\t\t\t\t\t<img loading=\"lazy\" decoding=\"async\" width=\"190\" height=\"166\" src=\"https:\/\/grupounocr.com\/wp-content\/uploads\/2020\/09\/logo-menu-blanco@3x.png\" class=\"attachment-medium_large size-medium_large wp-image-235\" alt=\"\" \/>\t\t\t\t\t\t\t\t\t\t\t\t\t\t\t<\/div>\n\t\t\t\t<\/div>\n\t\t\t\t<div class=\"elementor-element elementor-element-505502d elementor-widget elementor-widget-text-editor\" data-id=\"505502d\" data-element_type=\"widget\" data-widget_type=\"text-editor.default\">\n\t\t\t\t<div class=\"elementor-widget-container\">\n\t\t\t\t\t\t\t\t\t<span style=\"color: #ffffff;\">Centro Corporativo Escaz\u00fa Village,\nContiguo a tienda UNO Sports<\/span>\n<span style=\"color: #ffffff;\">San Jos\u00e9 Costa Rica<\/span>\n<span style=\"color: #ffffff;\">servicioalcliente@grupouno.local<\/span>\n<span style=\"color: #ffffff;\">Tel: (506) 2290-2090<\/span>\t\t\t\t\t\t\t\t<\/div>\n\t\t\t\t<\/div>\n\t\t\t\t\t<\/div>\n\t\t<\/div>\n\t\t\t\t\t<\/div>\n\t\t<\/section>\n\t\t\t\t<\/div>\n\t\t","protected":false},"excerpt":{"rendered":"<p>O2 Wellness Center. We are the only Wellness Center where you can experience many different disciplines in one place.A shopping center specializing in sports where you will feel a healthy balance betweenthe mental, physical, and emotional levels, resulting in a state of general well-being. O2 Wellness Center. Somos el \u00fanico Wellness Center donde podr\u00e1s vivir [&hellip;]<\/p>\n","protected":false},"author":1,"featured_media":0,"parent":0,"menu_order":0,"comment_status":"closed","ping_status":"closed","template":"","meta":{"footnotes":""},"class_list":["post-2384","page","type-page","status-publish","hentry"],"_links":{"self":[{"href":"https:\/\/grupounocr.com\/en\/wp-json\/wp\/v2\/pages\/2384","targetHints":{"allow":["GET"]}}],"collection":[{"href":"https:\/\/grupounocr.com\/en\/wp-json\/wp\/v2\/pages"}],"about":[{"href":"https:\/\/grupounocr.com\/en\/wp-json\/wp\/v2\/types\/page"}],"author":[{"embeddable":true,"href":"https:\/\/grupounocr.com\/en\/wp-json\/wp\/v2\/users\/1"}],"replies":[{"embeddable":true,"href":"https:\/\/grupounocr.com\/en\/wp-json\/wp\/v2\/comments?post=2384"}],"version-history":[{"count":39,"href":"https:\/\/grupounocr.com\/en\/wp-json\/wp\/v2\/pages\/2384\/revisions"}],"predecessor-version":[{"id":3607,"href":"https:\/\/grupounocr.com\/en\/wp-json\/wp\/v2\/pages\/2384\/revisions\/3607"}],"wp:attachment":[{"href":"https:\/\/grupounocr.com\/en\/wp-json\/wp\/v2\/media?parent=2384"}],"curies":[{"name":"wp","href":"https:\/\/api.w.org\/{rel}","templated":true}]}}