{"id":3567,"date":"2026-01-20T17:13:17","date_gmt":"2026-01-20T23:13:17","guid":{"rendered":"https:\/\/grupounocr.com\/crol-2\/"},"modified":"2026-01-22T14:29:56","modified_gmt":"2026-01-22T20:29:56","slug":"crol-2","status":"publish","type":"page","link":"https:\/\/grupounocr.com\/en\/crol-2\/","title":{"rendered":"Crol"},"content":{"rendered":"\t\t<div data-elementor-type=\"wp-page\" data-elementor-id=\"3567\" class=\"elementor elementor-3567 elementor-3510\" data-elementor-post-type=\"page\">\n\t\t\t\t\t\t<section data-particle_enable=\"false\" data-particle-mobile-disabled=\"false\" class=\"elementor-section elementor-top-section elementor-element elementor-element-25c066cf elementor-section-stretched elementor-section-full_width elementor-section-height-default elementor-section-height-default\" data-id=\"25c066cf\" data-element_type=\"section\" data-settings=\"{&quot;stretch_section&quot;:&quot;section-stretched&quot;}\">\n\t\t\t\t\t\t<div class=\"elementor-container elementor-column-gap-default\">\n\t\t\t\t\t<div class=\"elementor-column elementor-col-100 elementor-top-column elementor-element elementor-element-54ba7d0a\" data-id=\"54ba7d0a\" data-element_type=\"column\">\n\t\t\t<div class=\"elementor-widget-wrap elementor-element-populated\">\n\t\t\t\t\t\t<section data-particle_enable=\"false\" data-particle-mobile-disabled=\"false\" class=\"elementor-section elementor-inner-section elementor-element elementor-element-48f044d0 elementor-hidden-tablet elementor-hidden-phone elementor-section-boxed elementor-section-height-default elementor-section-height-default\" data-id=\"48f044d0\" data-element_type=\"section\">\n\t\t\t\t\t\t<div class=\"elementor-container elementor-column-gap-default\">\n\t\t\t\t\t<div class=\"elementor-column elementor-col-100 elementor-inner-column elementor-element elementor-element-29994235\" data-id=\"29994235\" data-element_type=\"column\">\n\t\t\t<div class=\"elementor-widget-wrap elementor-element-populated\">\n\t\t\t\t\t\t<div class=\"elementor-element elementor-element-5b199f0 eael-dual-header-content-align-center elementor-widget elementor-widget-eael-dual-color-header\" data-id=\"5b199f0\" data-element_type=\"widget\" data-widget_type=\"eael-dual-color-header.default\">\n\t\t\t\t<div class=\"elementor-widget-container\">\n\t\t\t\t\t\t\t\t<div class=\"eael-dual-header\">\n\t\t\t\t<h2 class=\"title eael-dch-title\"><span class=\"eael-dch-title-text eael-dch-title-lead lead solid-color\">Crol<\/span> <span class=\"eael-dch-title-text\">Swimming<\/span><\/h2>\t\t\t\t\t<span class=\"subtext\"><p>Crol Swimming is a company dedicated to teaching<br \/>swimming and improving this sport.<\/p><p>Our service is aimed at: children, young people, adults, seniors, and<br \/>people who are afraid of water, pregnant women, masters, triathletes, and educational institutions.<\/p><\/span>\n\t\t\t\t\t\t\t\t\t<span class=\"eael-dch-svg-icon\"><i aria-hidden=\"true\" class=\"far fa-star\"><\/i><\/span>\t\t\t\t\t\t\t<\/div>\n\n\t\t\t\t\t\t<\/div>\n\t\t\t\t<\/div>\n\t\t\t\t\t<\/div>\n\t\t<\/div>\n\t\t\t\t\t<\/div>\n\t\t<\/section>\n\t\t\t\t<section data-particle_enable=\"false\" data-particle-mobile-disabled=\"false\" class=\"elementor-section elementor-inner-section elementor-element elementor-element-7559e7f6 elementor-hidden-desktop elementor-section-boxed elementor-section-height-default elementor-section-height-default\" data-id=\"7559e7f6\" data-element_type=\"section\">\n\t\t\t\t\t\t<div class=\"elementor-container elementor-column-gap-default\">\n\t\t\t\t\t<div class=\"elementor-column elementor-col-100 elementor-inner-column elementor-element elementor-element-247eceea\" data-id=\"247eceea\" data-element_type=\"column\">\n\t\t\t<div class=\"elementor-widget-wrap elementor-element-populated\">\n\t\t\t\t\t\t<div class=\"elementor-element elementor-element-7871e015 eael-dual-header-content-align-center elementor-widget elementor-widget-eael-dual-color-header\" data-id=\"7871e015\" data-element_type=\"widget\" data-widget_type=\"eael-dual-color-header.default\">\n\t\t\t\t<div class=\"elementor-widget-container\">\n\t\t\t\t\t\t\t\t<div class=\"eael-dual-header\">\n\t\t\t\t<h2 class=\"title eael-dch-title\"><span class=\"eael-dch-title-text eael-dch-title-lead lead solid-color\">Crol<\/span> <span class=\"eael-dch-title-text\">Swimming<\/span><\/h2>\t\t\t\t\t<span class=\"subtext\"><p>Crol Swimming es una empresa dedicada a la ense\u00f1anza de la nataci\u00f3n y al perfeccionamiento de este deporte.<\/p><p>Nuestro servicio est\u00e1 destinado a: ni\u00f1os, j\u00f3venes, adultos, adultos mayores y personas con temor al agua, embarazadas, masters, triatlonistas e Instituciones Educativas.<\/p><\/span>\n\t\t\t\t\t\t\t\t\t<span class=\"eael-dch-svg-icon\"><i aria-hidden=\"true\" class=\"far fa-star\"><\/i><\/span>\t\t\t\t\t\t\t<\/div>\n\n\t\t\t\t\t\t<\/div>\n\t\t\t\t<\/div>\n\t\t\t\t\t<\/div>\n\t\t<\/div>\n\t\t\t\t\t<\/div>\n\t\t<\/section>\n\t\t\t\t\t<\/div>\n\t\t<\/div>\n\t\t\t\t\t<\/div>\n\t\t<\/section>\n\t\t\t\t<section data-particle_enable=\"false\" data-particle-mobile-disabled=\"false\" class=\"elementor-section elementor-top-section elementor-element elementor-element-ff197b6 elementor-section-boxed elementor-section-height-default elementor-section-height-default\" data-id=\"ff197b6\" data-element_type=\"section\">\n\t\t\t\t\t\t<div class=\"elementor-container elementor-column-gap-default\">\n\t\t\t\t\t<div class=\"elementor-column elementor-col-100 elementor-top-column elementor-element elementor-element-9324cb6\" data-id=\"9324cb6\" data-element_type=\"column\">\n\t\t\t<div class=\"elementor-widget-wrap elementor-element-populated\">\n\t\t\t\t\t\t<div class=\"elementor-element elementor-element-74681663 elementor-widget elementor-widget-heading\" data-id=\"74681663\" data-element_type=\"widget\" data-widget_type=\"heading.default\">\n\t\t\t\t<div class=\"elementor-widget-container\">\n\t\t\t\t\t<h2 class=\"elementor-heading-title elementor-size-default\">Pinares<\/h2>\t\t\t\t<\/div>\n\t\t\t\t<\/div>\n\t\t\t\t<div class=\"elementor-element elementor-element-45f203af elementor-widget elementor-widget-text-editor\" data-id=\"45f203af\" data-element_type=\"widget\" data-widget_type=\"text-editor.default\">\n\t\t\t\t<div class=\"elementor-widget-container\">\n\t\t\t\t\t\t\t\t\t<p style=\"text-align: center;\">Calle Vieja a Tres R\u00edos.<br \/>Frente a Parque de Food Trucks \/ O2 Wellness Center.<\/p>\t\t\t\t\t\t\t\t<\/div>\n\t\t\t\t<\/div>\n\t\t\t\t<section data-particle_enable=\"false\" data-particle-mobile-disabled=\"false\" class=\"elementor-section elementor-inner-section elementor-element elementor-element-31f70497 elementor-section-boxed elementor-section-height-default elementor-section-height-default\" data-id=\"31f70497\" data-element_type=\"section\">\n\t\t\t\t\t\t<div class=\"elementor-container elementor-column-gap-default\">\n\t\t\t\t\t<div class=\"elementor-column elementor-col-33 elementor-inner-column elementor-element elementor-element-697cfa7a\" data-id=\"697cfa7a\" data-element_type=\"column\">\n\t\t\t<div class=\"elementor-widget-wrap elementor-element-populated\">\n\t\t\t\t\t\t<div class=\"elementor-element elementor-element-324b7ba3 elementor-widget elementor-widget-image\" data-id=\"324b7ba3\" data-element_type=\"widget\" data-widget_type=\"image.default\">\n\t\t\t\t<div class=\"elementor-widget-container\">\n\t\t\t\t\t\t\t\t\t\t\t\t\t\t\t<img fetchpriority=\"high\" decoding=\"async\" width=\"560\" height=\"560\" src=\"https:\/\/grupounocr.com\/wp-content\/uploads\/2024\/08\/Crol-Pinares-1-560x560.jpeg\" class=\"attachment-movedo-grve-small-square size-movedo-grve-small-square wp-image-3180\" alt=\"\" srcset=\"https:\/\/grupounocr.com\/wp-content\/uploads\/2024\/08\/Crol-Pinares-1-560x560.jpeg 560w, https:\/\/grupounocr.com\/wp-content\/uploads\/2024\/08\/Crol-Pinares-1-150x150.jpeg 150w, https:\/\/grupounocr.com\/wp-content\/uploads\/2024\/08\/Crol-Pinares-1-250x250.jpeg 250w, https:\/\/grupounocr.com\/wp-content\/uploads\/2024\/08\/Crol-Pinares-1-900x900.jpeg 900w\" sizes=\"(max-width: 560px) 100vw, 560px\" \/>\t\t\t\t\t\t\t\t\t\t\t\t\t\t\t<\/div>\n\t\t\t\t<\/div>\n\t\t\t\t\t<\/div>\n\t\t<\/div>\n\t\t\t\t<div class=\"elementor-column elementor-col-33 elementor-inner-column elementor-element elementor-element-382f04c4\" data-id=\"382f04c4\" data-element_type=\"column\">\n\t\t\t<div class=\"elementor-widget-wrap elementor-element-populated\">\n\t\t\t\t\t\t<div class=\"elementor-element elementor-element-1d14fd2 elementor-widget elementor-widget-image\" data-id=\"1d14fd2\" data-element_type=\"widget\" data-widget_type=\"image.default\">\n\t\t\t\t<div class=\"elementor-widget-container\">\n\t\t\t\t\t\t\t\t\t\t\t\t\t\t\t<img decoding=\"async\" width=\"560\" height=\"560\" src=\"https:\/\/grupounocr.com\/wp-content\/uploads\/2024\/08\/Crol-Pinares-2-560x560.jpeg\" class=\"attachment-movedo-grve-small-square size-movedo-grve-small-square wp-image-3182\" alt=\"\" srcset=\"https:\/\/grupounocr.com\/wp-content\/uploads\/2024\/08\/Crol-Pinares-2-560x560.jpeg 560w, https:\/\/grupounocr.com\/wp-content\/uploads\/2024\/08\/Crol-Pinares-2-150x150.jpeg 150w, https:\/\/grupounocr.com\/wp-content\/uploads\/2024\/08\/Crol-Pinares-2-250x250.jpeg 250w, https:\/\/grupounocr.com\/wp-content\/uploads\/2024\/08\/Crol-Pinares-2-900x900.jpeg 900w\" sizes=\"(max-width: 560px) 100vw, 560px\" \/>\t\t\t\t\t\t\t\t\t\t\t\t\t\t\t<\/div>\n\t\t\t\t<\/div>\n\t\t\t\t\t<\/div>\n\t\t<\/div>\n\t\t\t\t<div class=\"elementor-column elementor-col-33 elementor-inner-column elementor-element elementor-element-718807b8\" data-id=\"718807b8\" data-element_type=\"column\">\n\t\t\t<div class=\"elementor-widget-wrap elementor-element-populated\">\n\t\t\t\t\t\t<div class=\"elementor-element elementor-element-9937638 elementor-widget elementor-widget-image\" data-id=\"9937638\" data-element_type=\"widget\" data-widget_type=\"image.default\">\n\t\t\t\t<div class=\"elementor-widget-container\">\n\t\t\t\t\t\t\t\t\t\t\t\t\t\t\t<img decoding=\"async\" width=\"560\" height=\"560\" src=\"https:\/\/grupounocr.com\/wp-content\/uploads\/2024\/08\/Crol-Pinares-3-560x560.jpeg\" class=\"attachment-movedo-grve-small-square size-movedo-grve-small-square wp-image-3184\" alt=\"\" srcset=\"https:\/\/grupounocr.com\/wp-content\/uploads\/2024\/08\/Crol-Pinares-3-560x560.jpeg 560w, https:\/\/grupounocr.com\/wp-content\/uploads\/2024\/08\/Crol-Pinares-3-150x150.jpeg 150w, https:\/\/grupounocr.com\/wp-content\/uploads\/2024\/08\/Crol-Pinares-3-250x250.jpeg 250w, https:\/\/grupounocr.com\/wp-content\/uploads\/2024\/08\/Crol-Pinares-3-900x900.jpeg 900w\" sizes=\"(max-width: 560px) 100vw, 560px\" \/>\t\t\t\t\t\t\t\t\t\t\t\t\t\t\t<\/div>\n\t\t\t\t<\/div>\n\t\t\t\t\t<\/div>\n\t\t<\/div>\n\t\t\t\t\t<\/div>\n\t\t<\/section>\n\t\t\t\t\t<\/div>\n\t\t<\/div>\n\t\t\t\t\t<\/div>\n\t\t<\/section>\n\t\t\t\t<section data-particle_enable=\"false\" data-particle-mobile-disabled=\"false\" class=\"elementor-section elementor-top-section elementor-element elementor-element-6c80ae4a elementor-section-boxed elementor-section-height-default elementor-section-height-default\" data-id=\"6c80ae4a\" data-element_type=\"section\">\n\t\t\t\t\t\t<div class=\"elementor-container elementor-column-gap-default\">\n\t\t\t\t\t<div class=\"elementor-column elementor-col-100 elementor-top-column elementor-element elementor-element-18930212\" data-id=\"18930212\" data-element_type=\"column\">\n\t\t\t<div class=\"elementor-widget-wrap elementor-element-populated\">\n\t\t\t\t\t\t<div class=\"elementor-element elementor-element-5bd35565 elementor-widget elementor-widget-heading\" data-id=\"5bd35565\" data-element_type=\"widget\" data-widget_type=\"heading.default\">\n\t\t\t\t<div class=\"elementor-widget-container\">\n\t\t\t\t\t<h2 class=\"elementor-heading-title elementor-size-default\">Escaz\u00fa<\/h2>\t\t\t\t<\/div>\n\t\t\t\t<\/div>\n\t\t\t\t<div class=\"elementor-element elementor-element-7db0369b elementor-widget elementor-widget-text-editor\" data-id=\"7db0369b\" data-element_type=\"widget\" data-widget_type=\"text-editor.default\">\n\t\t\t\t<div class=\"elementor-widget-container\">\n\t\t\t\t\t\t\t\t\t<p style=\"text-align: center;\">San Rafael de Escaz\u00fa<br \/>De la Paco 200mts Oeste \/ \/ O2 Wellness Center<\/p>\t\t\t\t\t\t\t\t<\/div>\n\t\t\t\t<\/div>\n\t\t\t\t<section data-particle_enable=\"false\" data-particle-mobile-disabled=\"false\" class=\"elementor-section elementor-inner-section elementor-element elementor-element-699b799b elementor-section-boxed elementor-section-height-default elementor-section-height-default\" data-id=\"699b799b\" data-element_type=\"section\">\n\t\t\t\t\t\t<div class=\"elementor-container elementor-column-gap-default\">\n\t\t\t\t\t<div class=\"elementor-column elementor-col-33 elementor-inner-column elementor-element elementor-element-78828f94\" data-id=\"78828f94\" data-element_type=\"column\">\n\t\t\t<div class=\"elementor-widget-wrap elementor-element-populated\">\n\t\t\t\t\t\t<div class=\"elementor-element elementor-element-32d709d8 elementor-widget elementor-widget-image\" data-id=\"32d709d8\" data-element_type=\"widget\" data-widget_type=\"image.default\">\n\t\t\t\t<div class=\"elementor-widget-container\">\n\t\t\t\t\t\t\t\t\t\t\t\t\t\t\t<img loading=\"lazy\" decoding=\"async\" width=\"560\" height=\"560\" src=\"https:\/\/grupounocr.com\/wp-content\/uploads\/2024\/08\/Crol-Escazu\u0301-1-560x560.jpeg\" class=\"attachment-movedo-grve-small-square size-movedo-grve-small-square wp-image-3171\" alt=\"\" srcset=\"https:\/\/grupounocr.com\/wp-content\/uploads\/2024\/08\/Crol-Escazu\u0301-1-560x560.jpeg 560w, https:\/\/grupounocr.com\/wp-content\/uploads\/2024\/08\/Crol-Escazu\u0301-1-150x150.jpeg 150w, https:\/\/grupounocr.com\/wp-content\/uploads\/2024\/08\/Crol-Escazu\u0301-1-250x250.jpeg 250w, https:\/\/grupounocr.com\/wp-content\/uploads\/2024\/08\/Crol-Escazu\u0301-1-900x900.jpeg 900w\" sizes=\"(max-width: 560px) 100vw, 560px\" \/>\t\t\t\t\t\t\t\t\t\t\t\t\t\t\t<\/div>\n\t\t\t\t<\/div>\n\t\t\t\t\t<\/div>\n\t\t<\/div>\n\t\t\t\t<div class=\"elementor-column elementor-col-33 elementor-inner-column elementor-element elementor-element-e38fcd7\" data-id=\"e38fcd7\" data-element_type=\"column\">\n\t\t\t<div class=\"elementor-widget-wrap elementor-element-populated\">\n\t\t\t\t\t\t<div class=\"elementor-element elementor-element-3e715a27 elementor-widget elementor-widget-image\" data-id=\"3e715a27\" data-element_type=\"widget\" data-widget_type=\"image.default\">\n\t\t\t\t<div class=\"elementor-widget-container\">\n\t\t\t\t\t\t\t\t\t\t\t\t\t\t\t<img loading=\"lazy\" decoding=\"async\" width=\"560\" height=\"560\" src=\"https:\/\/grupounocr.com\/wp-content\/uploads\/2024\/08\/Crol-Escazu\u0301-2-560x560.jpeg\" class=\"attachment-movedo-grve-small-square size-movedo-grve-small-square wp-image-3173\" alt=\"\" srcset=\"https:\/\/grupounocr.com\/wp-content\/uploads\/2024\/08\/Crol-Escazu\u0301-2-560x560.jpeg 560w, https:\/\/grupounocr.com\/wp-content\/uploads\/2024\/08\/Crol-Escazu\u0301-2-150x150.jpeg 150w, https:\/\/grupounocr.com\/wp-content\/uploads\/2024\/08\/Crol-Escazu\u0301-2-250x250.jpeg 250w, https:\/\/grupounocr.com\/wp-content\/uploads\/2024\/08\/Crol-Escazu\u0301-2-900x900.jpeg 900w\" sizes=\"(max-width: 560px) 100vw, 560px\" \/>\t\t\t\t\t\t\t\t\t\t\t\t\t\t\t<\/div>\n\t\t\t\t<\/div>\n\t\t\t\t\t<\/div>\n\t\t<\/div>\n\t\t\t\t<div class=\"elementor-column elementor-col-33 elementor-inner-column elementor-element elementor-element-3d9d6d20\" data-id=\"3d9d6d20\" data-element_type=\"column\">\n\t\t\t<div class=\"elementor-widget-wrap elementor-element-populated\">\n\t\t\t\t\t\t<div class=\"elementor-element elementor-element-511a992f elementor-widget elementor-widget-image\" data-id=\"511a992f\" data-element_type=\"widget\" data-widget_type=\"image.default\">\n\t\t\t\t<div class=\"elementor-widget-container\">\n\t\t\t\t\t\t\t\t\t\t\t\t\t\t\t<img loading=\"lazy\" decoding=\"async\" width=\"560\" height=\"560\" src=\"https:\/\/grupounocr.com\/wp-content\/uploads\/2024\/08\/Crol-Escazu\u0301-3-560x560.jpeg\" class=\"attachment-movedo-grve-small-square size-movedo-grve-small-square wp-image-3175\" alt=\"\" srcset=\"https:\/\/grupounocr.com\/wp-content\/uploads\/2024\/08\/Crol-Escazu\u0301-3-560x560.jpeg 560w, https:\/\/grupounocr.com\/wp-content\/uploads\/2024\/08\/Crol-Escazu\u0301-3-150x150.jpeg 150w, https:\/\/grupounocr.com\/wp-content\/uploads\/2024\/08\/Crol-Escazu\u0301-3-250x250.jpeg 250w, https:\/\/grupounocr.com\/wp-content\/uploads\/2024\/08\/Crol-Escazu\u0301-3-900x900.jpeg 900w\" sizes=\"(max-width: 560px) 100vw, 560px\" \/>\t\t\t\t\t\t\t\t\t\t\t\t\t\t\t<\/div>\n\t\t\t\t<\/div>\n\t\t\t\t\t<\/div>\n\t\t<\/div>\n\t\t\t\t\t<\/div>\n\t\t<\/section>\n\t\t\t\t\t<\/div>\n\t\t<\/div>\n\t\t\t\t\t<\/div>\n\t\t<\/section>\n\t\t\t\t<section data-particle_enable=\"false\" data-particle-mobile-disabled=\"false\" class=\"elementor-section elementor-top-section elementor-element elementor-element-4b4e9cdd elementor-section-boxed elementor-section-height-default elementor-section-height-default\" data-id=\"4b4e9cdd\" data-element_type=\"section\">\n\t\t\t\t\t\t<div class=\"elementor-container elementor-column-gap-default\">\n\t\t\t\t\t<div class=\"elementor-column elementor-col-100 elementor-top-column elementor-element elementor-element-6e26cafd\" data-id=\"6e26cafd\" data-element_type=\"column\">\n\t\t\t<div class=\"elementor-widget-wrap elementor-element-populated\">\n\t\t\t\t\t\t<div class=\"elementor-element elementor-element-22ef6410 elementor-widget elementor-widget-heading\" data-id=\"22ef6410\" data-element_type=\"widget\" data-widget_type=\"heading.default\">\n\t\t\t\t<div class=\"elementor-widget-container\">\n\t\t\t\t\t<h2 class=\"elementor-heading-title elementor-size-default\">Ox\u00edgeno<\/h2>\t\t\t\t<\/div>\n\t\t\t\t<\/div>\n\t\t\t\t<div class=\"elementor-element elementor-element-5515b044 elementor-widget elementor-widget-text-editor\" data-id=\"5515b044\" data-element_type=\"widget\" data-widget_type=\"text-editor.default\">\n\t\t\t\t<div class=\"elementor-widget-container\">\n\t\t\t\t\t\t\t\t\t<p style=\"text-align: center;\">Centro Comercial Ox\u00edgeno, segunda planta, contiguo a Tienda Epiko.<\/p>\t\t\t\t\t\t\t\t<\/div>\n\t\t\t\t<\/div>\n\t\t\t\t<section data-particle_enable=\"false\" data-particle-mobile-disabled=\"false\" class=\"elementor-section elementor-inner-section elementor-element elementor-element-6acf4c95 elementor-section-boxed elementor-section-height-default elementor-section-height-default\" data-id=\"6acf4c95\" data-element_type=\"section\">\n\t\t\t\t\t\t<div class=\"elementor-container elementor-column-gap-default\">\n\t\t\t\t\t<div class=\"elementor-column elementor-col-33 elementor-inner-column elementor-element elementor-element-24dbce53\" data-id=\"24dbce53\" data-element_type=\"column\">\n\t\t\t<div class=\"elementor-widget-wrap elementor-element-populated\">\n\t\t\t\t\t\t<div class=\"elementor-element elementor-element-2cb59b44 elementor-widget elementor-widget-image\" data-id=\"2cb59b44\" data-element_type=\"widget\" data-widget_type=\"image.default\">\n\t\t\t\t<div class=\"elementor-widget-container\">\n\t\t\t\t\t\t\t\t\t\t\t\t\t\t\t<img loading=\"lazy\" decoding=\"async\" width=\"560\" height=\"560\" src=\"https:\/\/grupounocr.com\/wp-content\/uploads\/2024\/08\/Crol-Oxi\u0301geno-1-560x560.jpeg\" class=\"attachment-movedo-grve-small-square size-movedo-grve-small-square wp-image-3189\" alt=\"\" srcset=\"https:\/\/grupounocr.com\/wp-content\/uploads\/2024\/08\/Crol-Oxi\u0301geno-1-560x560.jpeg 560w, https:\/\/grupounocr.com\/wp-content\/uploads\/2024\/08\/Crol-Oxi\u0301geno-1-150x150.jpeg 150w, https:\/\/grupounocr.com\/wp-content\/uploads\/2024\/08\/Crol-Oxi\u0301geno-1-250x250.jpeg 250w, https:\/\/grupounocr.com\/wp-content\/uploads\/2024\/08\/Crol-Oxi\u0301geno-1-900x900.jpeg 900w\" sizes=\"(max-width: 560px) 100vw, 560px\" \/>\t\t\t\t\t\t\t\t\t\t\t\t\t\t\t<\/div>\n\t\t\t\t<\/div>\n\t\t\t\t\t<\/div>\n\t\t<\/div>\n\t\t\t\t<div class=\"elementor-column elementor-col-33 elementor-inner-column elementor-element elementor-element-12d4caa4\" data-id=\"12d4caa4\" data-element_type=\"column\">\n\t\t\t<div class=\"elementor-widget-wrap elementor-element-populated\">\n\t\t\t\t\t\t<div class=\"elementor-element elementor-element-4ce33bcf elementor-widget elementor-widget-image\" data-id=\"4ce33bcf\" data-element_type=\"widget\" data-widget_type=\"image.default\">\n\t\t\t\t<div class=\"elementor-widget-container\">\n\t\t\t\t\t\t\t\t\t\t\t\t\t\t\t<img loading=\"lazy\" decoding=\"async\" width=\"560\" height=\"560\" src=\"https:\/\/grupounocr.com\/wp-content\/uploads\/2024\/08\/Crol-Oxi\u0301geno-2-560x560.jpeg\" class=\"attachment-movedo-grve-small-square size-movedo-grve-small-square wp-image-3191\" alt=\"\" srcset=\"https:\/\/grupounocr.com\/wp-content\/uploads\/2024\/08\/Crol-Oxi\u0301geno-2-560x560.jpeg 560w, https:\/\/grupounocr.com\/wp-content\/uploads\/2024\/08\/Crol-Oxi\u0301geno-2-150x150.jpeg 150w, https:\/\/grupounocr.com\/wp-content\/uploads\/2024\/08\/Crol-Oxi\u0301geno-2-250x250.jpeg 250w, https:\/\/grupounocr.com\/wp-content\/uploads\/2024\/08\/Crol-Oxi\u0301geno-2-900x900.jpeg 900w\" sizes=\"(max-width: 560px) 100vw, 560px\" \/>\t\t\t\t\t\t\t\t\t\t\t\t\t\t\t<\/div>\n\t\t\t\t<\/div>\n\t\t\t\t\t<\/div>\n\t\t<\/div>\n\t\t\t\t<div class=\"elementor-column elementor-col-33 elementor-inner-column elementor-element elementor-element-1073da3b\" data-id=\"1073da3b\" data-element_type=\"column\">\n\t\t\t<div class=\"elementor-widget-wrap elementor-element-populated\">\n\t\t\t\t\t\t<div class=\"elementor-element elementor-element-75712b9 elementor-widget elementor-widget-image\" data-id=\"75712b9\" data-element_type=\"widget\" data-widget_type=\"image.default\">\n\t\t\t\t<div class=\"elementor-widget-container\">\n\t\t\t\t\t\t\t\t\t\t\t\t\t\t\t<img loading=\"lazy\" decoding=\"async\" width=\"560\" height=\"560\" src=\"https:\/\/grupounocr.com\/wp-content\/uploads\/2024\/08\/Crol-Oxi\u0301geno-3-560x560.jpeg\" class=\"attachment-movedo-grve-small-square size-movedo-grve-small-square wp-image-3193\" alt=\"\" srcset=\"https:\/\/grupounocr.com\/wp-content\/uploads\/2024\/08\/Crol-Oxi\u0301geno-3-560x560.jpeg 560w, https:\/\/grupounocr.com\/wp-content\/uploads\/2024\/08\/Crol-Oxi\u0301geno-3-150x150.jpeg 150w, https:\/\/grupounocr.com\/wp-content\/uploads\/2024\/08\/Crol-Oxi\u0301geno-3-250x250.jpeg 250w, https:\/\/grupounocr.com\/wp-content\/uploads\/2024\/08\/Crol-Oxi\u0301geno-3-900x900.jpeg 900w\" sizes=\"(max-width: 560px) 100vw, 560px\" \/>\t\t\t\t\t\t\t\t\t\t\t\t\t\t\t<\/div>\n\t\t\t\t<\/div>\n\t\t\t\t\t<\/div>\n\t\t<\/div>\n\t\t\t\t\t<\/div>\n\t\t<\/section>\n\t\t\t\t\t<\/div>\n\t\t<\/div>\n\t\t\t\t\t<\/div>\n\t\t<\/section>\n\t\t\t\t<section data-particle_enable=\"false\" data-particle-mobile-disabled=\"false\" class=\"elementor-section elementor-top-section elementor-element elementor-element-28d96684 elementor-section-boxed elementor-section-height-default elementor-section-height-default\" data-id=\"28d96684\" data-element_type=\"section\">\n\t\t\t\t\t\t<div class=\"elementor-container elementor-column-gap-default\">\n\t\t\t\t\t<div class=\"elementor-column elementor-col-100 elementor-top-column elementor-element elementor-element-c6f6a50\" data-id=\"c6f6a50\" data-element_type=\"column\">\n\t\t\t<div class=\"elementor-widget-wrap\">\n\t\t\t\t\t\t\t<\/div>\n\t\t<\/div>\n\t\t\t\t\t<\/div>\n\t\t<\/section>\n\t\t\t\t<section data-particle_enable=\"false\" data-particle-mobile-disabled=\"false\" class=\"elementor-section elementor-top-section elementor-element elementor-element-49f69bee elementor-section-full_width elementor-section-stretched elementor-section-height-default elementor-section-height-default\" data-id=\"49f69bee\" data-element_type=\"section\" data-settings=\"{&quot;background_background&quot;:&quot;classic&quot;,&quot;stretch_section&quot;:&quot;section-stretched&quot;}\">\n\t\t\t\t\t\t<div class=\"elementor-container elementor-column-gap-default\">\n\t\t\t\t\t<div class=\"elementor-column elementor-col-100 elementor-top-column elementor-element elementor-element-4575cc9f\" data-id=\"4575cc9f\" data-element_type=\"column\">\n\t\t\t<div class=\"elementor-widget-wrap elementor-element-populated\">\n\t\t\t\t\t\t<div class=\"elementor-element elementor-element-4b459352 elementor-widget elementor-widget-image\" data-id=\"4b459352\" data-element_type=\"widget\" data-widget_type=\"image.default\">\n\t\t\t\t<div class=\"elementor-widget-container\">\n\t\t\t\t\t\t\t\t\t\t\t\t\t\t\t<img loading=\"lazy\" decoding=\"async\" width=\"190\" height=\"166\" src=\"https:\/\/grupounocr.com\/wp-content\/uploads\/2020\/09\/logo-menu-blanco@3x.png\" class=\"attachment-medium_large size-medium_large wp-image-235\" alt=\"\" \/>\t\t\t\t\t\t\t\t\t\t\t\t\t\t\t<\/div>\n\t\t\t\t<\/div>\n\t\t\t\t<div class=\"elementor-element elementor-element-42a7cd10 elementor-widget elementor-widget-text-editor\" data-id=\"42a7cd10\" data-element_type=\"widget\" data-widget_type=\"text-editor.default\">\n\t\t\t\t<div class=\"elementor-widget-container\">\n\t\t\t\t\t\t\t\t\t<span style=\"color: #ffffff;\">Centro Corporativo Escaz\u00fa Village,\nContiguo a tienda UNO Sports<\/span>\n<span style=\"color: #ffffff;\">San Jos\u00e9 Costa Rica<\/span>\n<span style=\"color: #ffffff;\">servicioalcliente@grupouno.local<\/span>\n<span style=\"color: #ffffff;\">Tel: (506) 2290-2090<\/span>\t\t\t\t\t\t\t\t<\/div>\n\t\t\t\t<\/div>\n\t\t\t\t\t<\/div>\n\t\t<\/div>\n\t\t\t\t\t<\/div>\n\t\t<\/section>\n\t\t\t\t<\/div>\n\t\t","protected":false},"excerpt":{"rendered":"<p>Crol Swimming Crol Swimming is a company dedicated to teachingswimming and improving this sport. Our service is aimed at: children, young people, adults, seniors, andpeople who are afraid of water, pregnant women, masters, triathletes, and educational institutions. Crol Swimming Crol Swimming es una empresa dedicada a la ense\u00f1anza de la nataci\u00f3n y al perfeccionamiento de [&hellip;]<\/p>\n","protected":false},"author":1,"featured_media":0,"parent":0,"menu_order":0,"comment_status":"closed","ping_status":"closed","template":"","meta":{"footnotes":""},"class_list":["post-3567","page","type-page","status-publish","hentry"],"_links":{"self":[{"href":"https:\/\/grupounocr.com\/en\/wp-json\/wp\/v2\/pages\/3567","targetHints":{"allow":["GET"]}}],"collection":[{"href":"https:\/\/grupounocr.com\/en\/wp-json\/wp\/v2\/pages"}],"about":[{"href":"https:\/\/grupounocr.com\/en\/wp-json\/wp\/v2\/types\/page"}],"author":[{"embeddable":true,"href":"https:\/\/grupounocr.com\/en\/wp-json\/wp\/v2\/users\/1"}],"replies":[{"embeddable":true,"href":"https:\/\/grupounocr.com\/en\/wp-json\/wp\/v2\/comments?post=3567"}],"version-history":[{"count":3,"href":"https:\/\/grupounocr.com\/en\/wp-json\/wp\/v2\/pages\/3567\/revisions"}],"predecessor-version":[{"id":3620,"href":"https:\/\/grupounocr.com\/en\/wp-json\/wp\/v2\/pages\/3567\/revisions\/3620"}],"wp:attachment":[{"href":"https:\/\/grupounocr.com\/en\/wp-json\/wp\/v2\/media?parent=3567"}],"curies":[{"name":"wp","href":"https:\/\/api.w.org\/{rel}","templated":true}]}}